{"id":3,"date":"2020-01-06T17:31:14","date_gmt":"2020-01-06T16:31:14","guid":{"rendered":"http:\/\/pixleen.com\/blog-dessin\/?page_id=3"},"modified":"2024-10-16T12:15:42","modified_gmt":"2024-10-16T10:15:42","slug":"politique-de-confidentialite","status":"publish","type":"page","link":"https:\/\/pixleen.com\/blog-dessin\/politique-de-confidentialite\/","title":{"rendered":"Mentions L\u00e9gales"},"content":{"rendered":"\n<p>Ce blog ne contient aucun formulaire de contact ni de commentaire ; de fait, il peut \u00eatre visit\u00e9 sans avoir \u00e0 donner aucune information personnelle. Les seules donn\u00e9es des visiteurs qui sont collect\u00e9es concernent l&rsquo;utilisation de <a href=\"#gato\">cookies (info ci-dessous)<\/a>, tout particuli\u00e8rement \u00e0 des fins d&rsquo;\u00e9tude statistique de la fr\u00e9quentation de ces pages web.<\/p>\n\n\n\n<p><strong>Propri\u00e9taire,  cr\u00e9ateur, webmaster et responsable de publication<\/strong> : <br><a href=\"https:\/\/www.pixelenvrac.com\/\">Jean-Marin Wibaux<\/a><br>Fr\u00e9hel \/ Bretagne et C\u00f4tes-d&rsquo;Armor<\/p>\n\n\n\n<p> <a href=\"https:\/\/www.pixleen.com\/blog-dessin\/\">www.pixleen.com\/blog-dessin\/<\/a> est un blog personnel non marchand h\u00e9berg\u00e9 dans les serveurs de la soci\u00e9t\u00e9 OVH &#8211; 2 rue Kellermann 59100 Roubaix &#8211; France <\/p>\n\n\n\n<h3 class=\"wp-block-heading\">Propri\u00e9t\u00e9 intellectuelle et contrefa\u00e7ons.<\/h3>\n\n\n\n<p>Jean-Marin Wibaux est propri\u00e9taire des droits de propri\u00e9t\u00e9 intellectuelle ou d\u00e9tient les droits d\u2019usage sur tous les \u00e9l\u00e9ments accessibles sur le  site ; en ce sens, toute reproduction, repr\u00e9sentation, modification, publication,  adaptation de tout ou partie des \u00e9l\u00e9ments du site, quel que soit le  moyen ou le proc\u00e9d\u00e9 utilis\u00e9, est interdite, sans son autorisation \u00e9crite  pr\u00e9alable.<\/p>\n\n\n\n<p>Toute exploitation non autoris\u00e9e du site ou de l\u2019un quelconque des  \u00e9l\u00e9ments qu\u2019il contient sera consid\u00e9r\u00e9e comme constitutive d\u2019une contrefa\u00e7on et poursuivie conform\u00e9ment aux dispositions des articles  L.335-2 et suivants du Code de Propri\u00e9t\u00e9 Intellectuelle.<\/p>\n\n\n\n<h3 class=\"wp-block-heading\">Liens hypertextes<\/h3>\n\n\n\n<p>Le site <a href=\"https:\/\/www.pixleen.com\/blog-dessin\/\">www.pixleen.com\/blog-dessin\/<\/a>  contient un certain nombre de liens qui peuvent diriger le visiteur vers d\u2019autres sites. Ces liens sont volontaires et mis en place par Jean-Marin Wibaux. Ce dernier n&rsquo;a cependant pas la possibilit\u00e9 de v\u00e9rifier l&rsquo;\u00e9volution du contenu des sites ainsi cibl\u00e9s, et n&rsquo;en assumera en cons\u00e9quence aucune responsabilit\u00e9.<\/p>\n\n\n\n<a href=\"#gato\" id=\"gato\"><\/a>\n\n\n\n<h3 class=\"wp-block-heading\">Cookies<\/h3>\n\n\n\n<p>La navigation sur le site <a href=\"https:\/\/www.pixleen.com\/blog-dessin\/\">www.pixleen.com\/blog-dessin\/<\/a>  peut s&rsquo;accompagner de l&rsquo;installation de cookie(s) sur  l\u2019ordinateur de l\u2019utilisateur. Un cookie est un fichier qui  enregistre des informations relatives \u00e0 la navigation d\u2019un ordinateur sur un site. Les donn\u00e9es ainsi obtenues visent \u00e0 faciliter la navigation ult\u00e9rieure sur le site, et ont \u00e9galement vocation \u00e0 permettre diverses mesures de fr\u00e9quentation.<\/p>\n\n\n\n<p>Vous pouvez refuser ces cookies en r\u00e9glant votre navigateur. Pleins d\u2019informations sur le sujet sur le site de la <strong><a href=\"https:\/\/www.cnil.fr\/fr\/cookies-les-outils-pour-les-maitriser\" target=\"_blank\" rel=\"noreferrer noopener\">CNIL<\/a><\/strong> !<\/p>\n","protected":false},"excerpt":{"rendered":"<p>Ce blog ne contient aucun formulaire de contact ni de commentaire ; de fait, il peut \u00eatre visit\u00e9 sans avoir \u00e0 donner aucune information personnelle. Les seules donn\u00e9es des visiteurs qui sont collect\u00e9es concernent l&rsquo;utilisation de cookies (info ci-dessous), tout particuli\u00e8rement \u00e0 des fins d&rsquo;\u00e9tude statistique de la fr\u00e9quentation de ces pages web. Propri\u00e9taire, cr\u00e9ateur, &hellip; <a href=\"https:\/\/pixleen.com\/blog-dessin\/politique-de-confidentialite\/\" class=\"more-link\">Continuer la lecture de <span class=\"screen-reader-text\">Mentions L\u00e9gales<\/span><\/a><\/p>\n","protected":false},"author":2,"featured_media":0,"parent":0,"menu_order":0,"comment_status":"closed","ping_status":"open","template":"","meta":{"footnotes":""},"class_list":["post-3","page","type-page","status-publish","hentry"],"yoast_head":"<!-- This site is optimized with the Yoast SEO plugin v27.4 - https:\/\/yoast.com\/product\/yoast-seo-wordpress\/ -->\n<title>Mentions L\u00e9gales &#8226; Blog de dessins, contes et po\u00e9sie<\/title>\n<meta name=\"robots\" content=\"index, follow, max-snippet:-1, max-image-preview:large, max-video-preview:-1\" \/>\n<link rel=\"canonical\" href=\"https:\/\/pixleen.com\/blog-dessin\/politique-de-confidentialite\/\" \/>\n<meta property=\"og:locale\" content=\"fr_FR\" \/>\n<meta property=\"og:type\" content=\"article\" \/>\n<meta property=\"og:title\" content=\"Mentions L\u00e9gales &#8226; Blog de dessins, contes et po\u00e9sie\" \/>\n<meta property=\"og:description\" content=\"Ce blog ne contient aucun formulaire de contact ni de commentaire ; de fait, il peut \u00eatre visit\u00e9 sans avoir \u00e0 donner aucune information personnelle. Les seules donn\u00e9es des visiteurs qui sont collect\u00e9es concernent l&rsquo;utilisation de cookies (info ci-dessous), tout particuli\u00e8rement \u00e0 des fins d&rsquo;\u00e9tude statistique de la fr\u00e9quentation de ces pages web. Propri\u00e9taire, cr\u00e9ateur, &hellip; Continuer la lecture de Mentions L\u00e9gales\" \/>\n<meta property=\"og:url\" content=\"https:\/\/pixleen.com\/blog-dessin\/politique-de-confidentialite\/\" \/>\n<meta property=\"og:site_name\" content=\"Blog de dessins, contes et po\u00e9sie\" \/>\n<meta property=\"article:modified_time\" content=\"2024-10-16T10:15:42+00:00\" \/>\n<meta property=\"og:image\" content=\"https:\/\/pixleen.com\/blog-dessin\/wp-content\/uploads\/araignee.jpg\" \/>\n\t<meta property=\"og:image:width\" content=\"488\" \/>\n\t<meta property=\"og:image:height\" content=\"400\" \/>\n\t<meta property=\"og:image:type\" content=\"image\/jpeg\" \/>\n<meta name=\"twitter:card\" content=\"summary_large_image\" \/>\n<script type=\"application\/ld+json\" class=\"yoast-schema-graph\">{\"@context\":\"https:\\\/\\\/schema.org\",\"@graph\":[{\"@type\":\"WebPage\",\"@id\":\"https:\\\/\\\/pixleen.com\\\/blog-dessin\\\/politique-de-confidentialite\\\/\",\"url\":\"https:\\\/\\\/pixleen.com\\\/blog-dessin\\\/politique-de-confidentialite\\\/\",\"name\":\"Mentions L\u00e9gales &#8226; Blog de dessins, contes et po\u00e9sie\",\"isPartOf\":{\"@id\":\"https:\\\/\\\/pixleen.com\\\/blog-dessin\\\/#website\"},\"datePublished\":\"2020-01-06T16:31:14+00:00\",\"dateModified\":\"2024-10-16T10:15:42+00:00\",\"breadcrumb\":{\"@id\":\"https:\\\/\\\/pixleen.com\\\/blog-dessin\\\/politique-de-confidentialite\\\/#breadcrumb\"},\"inLanguage\":\"fr-FR\",\"potentialAction\":[{\"@type\":\"ReadAction\",\"target\":[\"https:\\\/\\\/pixleen.com\\\/blog-dessin\\\/politique-de-confidentialite\\\/\"]}]},{\"@type\":\"BreadcrumbList\",\"@id\":\"https:\\\/\\\/pixleen.com\\\/blog-dessin\\\/politique-de-confidentialite\\\/#breadcrumb\",\"itemListElement\":[{\"@type\":\"ListItem\",\"position\":1,\"name\":\"Accueil\",\"item\":\"https:\\\/\\\/pixleen.com\\\/blog-dessin\\\/\"},{\"@type\":\"ListItem\",\"position\":2,\"name\":\"Mentions L\u00e9gales\"}]},{\"@type\":\"WebSite\",\"@id\":\"https:\\\/\\\/pixleen.com\\\/blog-dessin\\\/#website\",\"url\":\"https:\\\/\\\/pixleen.com\\\/blog-dessin\\\/\",\"name\":\"Blog de dessins, contes et po\u00e9sie\",\"description\":\"Une balade po\u00e9tique entre mots et dessins\",\"publisher\":{\"@id\":\"https:\\\/\\\/pixleen.com\\\/blog-dessin\\\/#\\\/schema\\\/person\\\/537b0676ae499fc851f01e03afdd5140\"},\"alternateName\":\"Po\u00e9sie farfelue\",\"potentialAction\":[{\"@type\":\"SearchAction\",\"target\":{\"@type\":\"EntryPoint\",\"urlTemplate\":\"https:\\\/\\\/pixleen.com\\\/blog-dessin\\\/?s={search_term_string}\"},\"query-input\":{\"@type\":\"PropertyValueSpecification\",\"valueRequired\":true,\"valueName\":\"search_term_string\"}}],\"inLanguage\":\"fr-FR\"},{\"@type\":[\"Person\",\"Organization\"],\"@id\":\"https:\\\/\\\/pixleen.com\\\/blog-dessin\\\/#\\\/schema\\\/person\\\/537b0676ae499fc851f01e03afdd5140\",\"name\":\"Jean-Marin Wibaux\",\"image\":{\"@type\":\"ImageObject\",\"inLanguage\":\"fr-FR\",\"@id\":\"https:\\\/\\\/pixleen.com\\\/blog-dessin\\\/wp-content\\\/uploads\\\/logo-ty-pouets-blog.jpg\",\"url\":\"https:\\\/\\\/pixleen.com\\\/blog-dessin\\\/wp-content\\\/uploads\\\/logo-ty-pouets-blog.jpg\",\"contentUrl\":\"https:\\\/\\\/pixleen.com\\\/blog-dessin\\\/wp-content\\\/uploads\\\/logo-ty-pouets-blog.jpg\",\"width\":248,\"height\":248,\"caption\":\"Jean-Marin Wibaux\"},\"logo\":{\"@id\":\"https:\\\/\\\/pixleen.com\\\/blog-dessin\\\/wp-content\\\/uploads\\\/logo-ty-pouets-blog.jpg\"},\"sameAs\":[\"https:\\\/\\\/www.instagram.com\\\/pixleen\\\/\",\"https:\\\/\\\/fr.pinterest.com\\\/pixelenvrac\\\/\",\"https:\\\/\\\/x.com\\\/~\"]}]}<\/script>\n<!-- \/ Yoast SEO plugin. -->","yoast_head_json":{"title":"Mentions L\u00e9gales &#8226; Blog de dessins, contes et po\u00e9sie","robots":{"index":"index","follow":"follow","max-snippet":"max-snippet:-1","max-image-preview":"max-image-preview:large","max-video-preview":"max-video-preview:-1"},"canonical":"https:\/\/pixleen.com\/blog-dessin\/politique-de-confidentialite\/","og_locale":"fr_FR","og_type":"article","og_title":"Mentions L\u00e9gales &#8226; Blog de dessins, contes et po\u00e9sie","og_description":"Ce blog ne contient aucun formulaire de contact ni de commentaire ; de fait, il peut \u00eatre visit\u00e9 sans avoir \u00e0 donner aucune information personnelle. Les seules donn\u00e9es des visiteurs qui sont collect\u00e9es concernent l&rsquo;utilisation de cookies (info ci-dessous), tout particuli\u00e8rement \u00e0 des fins d&rsquo;\u00e9tude statistique de la fr\u00e9quentation de ces pages web. Propri\u00e9taire, cr\u00e9ateur, &hellip; Continuer la lecture de Mentions L\u00e9gales","og_url":"https:\/\/pixleen.com\/blog-dessin\/politique-de-confidentialite\/","og_site_name":"Blog de dessins, contes et po\u00e9sie","article_modified_time":"2024-10-16T10:15:42+00:00","og_image":[{"width":488,"height":400,"url":"https:\/\/pixleen.com\/blog-dessin\/wp-content\/uploads\/araignee.jpg","type":"image\/jpeg"}],"twitter_card":"summary_large_image","schema":{"@context":"https:\/\/schema.org","@graph":[{"@type":"WebPage","@id":"https:\/\/pixleen.com\/blog-dessin\/politique-de-confidentialite\/","url":"https:\/\/pixleen.com\/blog-dessin\/politique-de-confidentialite\/","name":"Mentions L\u00e9gales &#8226; Blog de dessins, contes et po\u00e9sie","isPartOf":{"@id":"https:\/\/pixleen.com\/blog-dessin\/#website"},"datePublished":"2020-01-06T16:31:14+00:00","dateModified":"2024-10-16T10:15:42+00:00","breadcrumb":{"@id":"https:\/\/pixleen.com\/blog-dessin\/politique-de-confidentialite\/#breadcrumb"},"inLanguage":"fr-FR","potentialAction":[{"@type":"ReadAction","target":["https:\/\/pixleen.com\/blog-dessin\/politique-de-confidentialite\/"]}]},{"@type":"BreadcrumbList","@id":"https:\/\/pixleen.com\/blog-dessin\/politique-de-confidentialite\/#breadcrumb","itemListElement":[{"@type":"ListItem","position":1,"name":"Accueil","item":"https:\/\/pixleen.com\/blog-dessin\/"},{"@type":"ListItem","position":2,"name":"Mentions L\u00e9gales"}]},{"@type":"WebSite","@id":"https:\/\/pixleen.com\/blog-dessin\/#website","url":"https:\/\/pixleen.com\/blog-dessin\/","name":"Blog de dessins, contes et po\u00e9sie","description":"Une balade po\u00e9tique entre mots et dessins","publisher":{"@id":"https:\/\/pixleen.com\/blog-dessin\/#\/schema\/person\/537b0676ae499fc851f01e03afdd5140"},"alternateName":"Po\u00e9sie farfelue","potentialAction":[{"@type":"SearchAction","target":{"@type":"EntryPoint","urlTemplate":"https:\/\/pixleen.com\/blog-dessin\/?s={search_term_string}"},"query-input":{"@type":"PropertyValueSpecification","valueRequired":true,"valueName":"search_term_string"}}],"inLanguage":"fr-FR"},{"@type":["Person","Organization"],"@id":"https:\/\/pixleen.com\/blog-dessin\/#\/schema\/person\/537b0676ae499fc851f01e03afdd5140","name":"Jean-Marin Wibaux","image":{"@type":"ImageObject","inLanguage":"fr-FR","@id":"https:\/\/pixleen.com\/blog-dessin\/wp-content\/uploads\/logo-ty-pouets-blog.jpg","url":"https:\/\/pixleen.com\/blog-dessin\/wp-content\/uploads\/logo-ty-pouets-blog.jpg","contentUrl":"https:\/\/pixleen.com\/blog-dessin\/wp-content\/uploads\/logo-ty-pouets-blog.jpg","width":248,"height":248,"caption":"Jean-Marin Wibaux"},"logo":{"@id":"https:\/\/pixleen.com\/blog-dessin\/wp-content\/uploads\/logo-ty-pouets-blog.jpg"},"sameAs":["https:\/\/www.instagram.com\/pixleen\/","https:\/\/fr.pinterest.com\/pixelenvrac\/","https:\/\/x.com\/~"]}]}},"_links":{"self":[{"href":"https:\/\/pixleen.com\/blog-dessin\/wp-json\/wp\/v2\/pages\/3","targetHints":{"allow":["GET"]}}],"collection":[{"href":"https:\/\/pixleen.com\/blog-dessin\/wp-json\/wp\/v2\/pages"}],"about":[{"href":"https:\/\/pixleen.com\/blog-dessin\/wp-json\/wp\/v2\/types\/page"}],"author":[{"embeddable":true,"href":"https:\/\/pixleen.com\/blog-dessin\/wp-json\/wp\/v2\/users\/2"}],"replies":[{"embeddable":true,"href":"https:\/\/pixleen.com\/blog-dessin\/wp-json\/wp\/v2\/comments?post=3"}],"version-history":[{"count":8,"href":"https:\/\/pixleen.com\/blog-dessin\/wp-json\/wp\/v2\/pages\/3\/revisions"}],"predecessor-version":[{"id":2192,"href":"https:\/\/pixleen.com\/blog-dessin\/wp-json\/wp\/v2\/pages\/3\/revisions\/2192"}],"wp:attachment":[{"href":"https:\/\/pixleen.com\/blog-dessin\/wp-json\/wp\/v2\/media?parent=3"}],"curies":[{"name":"wp","href":"https:\/\/api.w.org\/{rel}","templated":true}]}}